{"id":18,"date":"2015-03-18T19:01:39","date_gmt":"2015-03-18T19:01:39","guid":{"rendered":"http:\/\/www.verkoopsteun.nl\/content\/?page_id=18"},"modified":"2024-10-06T12:13:38","modified_gmt":"2024-10-06T12:13:38","slug":"kenmerk-uw-kracht","status":"publish","type":"page","link":"https:\/\/www.verkoopsteun.nl\/content\/kenmerk-uw-kracht\/","title":{"rendered":"Kenmerk uw kracht"},"content":{"rendered":"<div class=\"su-row\"><div class=\"su-column su-column-size-1-2\"><div class=\"su-column-inner su-u-clearfix su-u-trim\"><strong>Verkooptraining \u201cKenmerk uw Kracht\u201d<\/strong><\/p>\n<p>Deze verkooptraining vormt een uitstekende basis voor een goed \u00e9n resultaatgericht verkoopgesprek met behoud van uw eigen identiteit.<br \/>We werken in 3 sessies van 3,5 uur toe naar uw resultaatgerichte verkoopgesprek. Aan deze training zit tevens een echte praktijkcase gekoppeld. Zodoende ondergaat u een unieke verkooptraining die in deze vorm nergens in de markt te krijgen is.<\/p>\n<p><strong>3 sessies:<\/strong><br \/>geen overkill aan informatie<\/p>\n<p><strong>Uw voordeel:<\/strong><br \/>hanteerbaar werken met de stof<\/p>\n<p><strong>Werkomschrijving:<\/strong><br \/>zeer praktijkgericht met persoonlijke intake (max. 6 personen)<\/p>\n<p><strong>Uw voordeel:<\/strong><br \/>u ondergaat een kwaliteitstraining<\/div><\/div>\n<div class=\"su-column su-column-size-1-2\"><div class=\"su-column-inner su-u-clearfix su-u-trim\"><img loading=\"lazy\" decoding=\"async\" class=\"aligncenter wp-image-87 size-medium\" src=\"http:\/\/www.verkoopsteun.nl\/content\/wp-content\/uploads\/2015\/04\/speech-bubble46-300x257.png\" alt=\"speech-bubble46\" width=\"300\" height=\"257\" srcset=\"https:\/\/www.verkoopsteun.nl\/content\/wp-content\/uploads\/2015\/04\/speech-bubble46-300x257.png 300w, https:\/\/www.verkoopsteun.nl\/content\/wp-content\/uploads\/2015\/04\/speech-bubble46.png 612w\" sizes=\"(max-width: 300px) 100vw, 300px\" \/><div class=\"su-spacer\" style=\"height:10px\"><\/div> <a href=\"http:\/\/www.verkoopsteun.nl\/content\/verkoop-training-aanmeld-pagina\/\"><img loading=\"lazy\" decoding=\"async\" class=\" wp-image-128 size-full aligncenter\" src=\"http:\/\/www.verkoopsteun.nl\/content\/wp-content\/uploads\/2015\/03\/aanmelden-bleu.png\" alt=\"aanmelden-bleu\" width=\"230\" height=\"92\" \/><\/a><br \/><\/div><\/div><\/div>\n<p><strong>UNIEKE FORMULE<\/strong><br \/>Inbegrepen bij deze training is om samen met Verkoopsteun binnen 3 maanden na de training \u00e9\u00e9n echt verkoopgesprek voeren bij uw (potenti\u00eble) klant.<\/p>\n<p><strong>De eerste sessie is: \u201cweet wat u doet\u201d.<\/strong><br \/>Hier worden o.a. de volgende zaken behandeld:<\/p>\n<div class=\"su-list\" style=\"margin-left:0px\">\n<ul>\n<li><i class=\"sui sui-arrow-right\" style=\"color:#333\"><\/i> 1. structuur van het verkoopgesprek<\/li>\n<li><i class=\"sui sui-arrow-right\" style=\"color:#333\"><\/i> 2. herkennen van fases en hiermee kunnen werken<\/li>\n<li><i class=\"sui sui-arrow-right\" style=\"color:#333\"><\/i> 3. alter ego centreren<\/li>\n<li><i class=\"sui sui-arrow-right\" style=\"color:#333\"><\/i> 4. vragen stellen<\/li>\n<\/ul>\n<\/div>\n<p><strong>De tweede sessie is: \u201cschakel met uzelf \u00e9n uw prospect\u201d.<\/strong><br \/>Hier zullen we o.a. ingaan op:<br \/><div class=\"su-list\" style=\"margin-left:0px\">\n<ul>\n<li><i class=\"sui sui-arrow-right\" style=\"color:#333\"><\/i> 1. de menselijke verhoudingen tussen u en uw potenti\u00eble klant<\/li>\n<li><i class=\"sui sui-arrow-right\" style=\"color:#333\"><\/i> 2. wie bent u en wat straalt u uit naar uw gesprekspartner<\/li>\n<li><i class=\"sui sui-arrow-right\" style=\"color:#333\"><\/i> 3. herkennen van uw gesprekspartner en hoe ermee om te gaan<\/li>\n<li><i class=\"sui sui-arrow-right\" style=\"color:#333\"><\/i> 4. inkoopmotieven<\/li>\n<\/ul>\n<\/div>\n<div class=\"su-list\" style=\"margin-left:0px\">\n<\/div>\n<p><strong>De derde sessie is: \u201cop weg naar uw resultaat\u201d<\/strong><br \/>En hier gaan we o.a. in op:<\/p>\n<div class=\"su-list\" style=\"margin-left:0px\">\n<ul>\n<li><i class=\"sui sui-arrow-right\" style=\"color:#333\"><\/i> 1. weerleggen van bezwaren<\/li>\n<li><i class=\"sui sui-arrow-right\" style=\"color:#333\"><\/i> 2. afsluittechnieken<\/li>\n<li><i class=\"sui sui-arrow-right\" style=\"color:#333\"><\/i> 3. cre\u00ebren van extra verkoopkansen<\/li>\n<\/ul>\n<\/div>\n<p><strong>Sessie 4 is het duogesprek bij uw (potenti\u00eble) klant,<\/strong><\/p>\n<p>datum samen overeen te komen<\/p>\n<p><strong>Data<\/strong><\/p>\n<p>U kunt kiezen uit 1 van de volgende blokken in 2024:<\/p>\n<p><strong> 5, 12 en 26 Oktober 2024\u00a0<\/strong><\/p>\n<p><strong>6, 13 en 27 Mei 2025<\/strong><\/p>\n<p><strong>4, 11 en 25 November 2025 <a href=\"http:\/\/www.verkoopsteun.nl\/content\/verkoop-training-aanmeld-pagina\/\">Aanmelden<\/a><\/strong><\/p>\n<p>\u00a0<\/p>\n<p>Alle trainingen zijn van 08.45 tot 12.15 uur. De locatie van de training is 20 km rondom Amersfoort. De definitieve locatie volgt bij uw inschrijving.<\/p>\n<p><strong>Investering:<\/strong><br \/>De totale investering voor deze training bedraagt<em> slechts<\/em> \u20ac 765,- (exclusief BTW).<br \/>Inbegrepen:<br \/>&#8211; 3 sessies van 3,5 uur verkooptraining<br \/>&#8211; syllabi<br \/>&#8211; samen een verkoopgesprek voeren bij een potenti\u00eble klant van u<\/p>\n\n\n<p><\/p>\n","protected":false},"excerpt":{"rendered":"<p>UNIEKE FORMULEInbegrepen bij deze training is om samen met Verkoopsteun binnen 3 maanden na de training \u00e9\u00e9n echt verkoopgesprek voeren bij uw (potenti\u00eble) klant. De eerste sessie is: \u201cweet wat u doet\u201d.Hier worden o.a. de volgende zaken behandeld: De tweede<\/p>\n","protected":false},"author":1,"featured_media":99,"parent":0,"menu_order":0,"comment_status":"closed","ping_status":"closed","template":"","meta":{"footnotes":""},"class_list":["post-18","page","type-page","status-publish","has-post-thumbnail","hentry"],"_links":{"self":[{"href":"https:\/\/www.verkoopsteun.nl\/content\/wp-json\/wp\/v2\/pages\/18"}],"collection":[{"href":"https:\/\/www.verkoopsteun.nl\/content\/wp-json\/wp\/v2\/pages"}],"about":[{"href":"https:\/\/www.verkoopsteun.nl\/content\/wp-json\/wp\/v2\/types\/page"}],"author":[{"embeddable":true,"href":"https:\/\/www.verkoopsteun.nl\/content\/wp-json\/wp\/v2\/users\/1"}],"replies":[{"embeddable":true,"href":"https:\/\/www.verkoopsteun.nl\/content\/wp-json\/wp\/v2\/comments?post=18"}],"version-history":[{"count":59,"href":"https:\/\/www.verkoopsteun.nl\/content\/wp-json\/wp\/v2\/pages\/18\/revisions"}],"predecessor-version":[{"id":365,"href":"https:\/\/www.verkoopsteun.nl\/content\/wp-json\/wp\/v2\/pages\/18\/revisions\/365"}],"wp:featuredmedia":[{"embeddable":true,"href":"https:\/\/www.verkoopsteun.nl\/content\/wp-json\/wp\/v2\/media\/99"}],"wp:attachment":[{"href":"https:\/\/www.verkoopsteun.nl\/content\/wp-json\/wp\/v2\/media?parent=18"}],"curies":[{"name":"wp","href":"https:\/\/api.w.org\/{rel}","templated":true}]}}